{"id":709,"date":"2019-10-02T22:29:19","date_gmt":"2019-10-02T22:29:19","guid":{"rendered":"https:\/\/artesaniasdecolombia.com.co\/encuentros\/?page_id=709"},"modified":"2021-12-19T16:47:26","modified_gmt":"2021-12-19T16:47:26","slug":"intro","status":"publish","type":"page","link":"https:\/\/artesaniasdecolombia.com.co\/encuentros\/","title":{"rendered":"Intro"},"content":{"rendered":"<p>[vc_row content_placement=\u00bbmiddle\u00bb bg_type=\u00bbimage\u00bb css=\u00bb.vc_custom_1639603035924{margin-top: 50px !important;}\u00bb][vc_column width=\u00bb1\/2&#8243;][vc_single_image image=\u00bb1447&#8243; img_size=\u00bblarge\u00bb style=\u00bbvc_box_shadow\u00bb][\/vc_column][vc_column css_animation=\u00bbfadeInDown\u00bb width=\u00bb1\/2&#8243;][vc_column_text css_animation=\u00bbnone\u00bb]<\/p>\n<h5><span style=\"color: #ae6e58; letter-spacing: 4px;\">BIENVENIDOS<\/span><\/h5>\n<p>[\/vc_column_text][vc_column_text css_animation=\u00bbnone\u00bb]EL PROGRAMA DISE\u00d1A PROYECTOS PARA LA ATENCI\u00d3N A POBLACI\u00d3N DESPLAZADA, V\u00cdCTIMA Y EN SITUACI\u00d3N DE VULNERABILIDAD EN COLOMBIA, QUE CUMPLA CON LAS CARACTER\u00cdSTICAS DE SER POBLACI\u00d3N ARTESANA Y CONOCEDORA DE LOS OFICIOS ARTESANALES.[\/vc_column_text]<div class=\" vc_custom_1639603095138 ubtn-ctn-left \"><a class=\"ubtn-link ult-adjust-bottom-margin ubtn-left ubtn-normal \" href=\"http:\/\/artesaniasdecolombia.com.co\/artesaniasdepaz\/\" target=\"_blank\" rel=\"noopener\" ><button type=\"button\" id=\"ubtn-6863\"  class=\"ubtn ult-adjust-bottom-margin ult-responsive ubtn-normal ubtn-no-hover-bg  none  ubtn-left   tooltip-69d37288cf730\"  data-hover=\"\" data-border-color=\"\" data-bg=\"#ae6e58\" data-hover-bg=\"\" data-border-hover=\"\" data-shadow-hover=\"\" data-shadow-click=\"none\" data-shadow=\"\" data-shd-shadow=\"\"  data-ultimate-target='#ubtn-6863'  data-responsive-json-new='{\"font-size\":\"desktop:18px;\",\"line-height\":\"\"}'  style=\"font-family:&#039;Playfair Display&#039;;font-weight:normal;border:none;background: #ae6e58;color: #000000;\"><span class=\"ubtn-hover\" style=\"background-color:\"><\/span><span class=\"ubtn-data ubtn-text \" >CONOCER<\/span><\/button><\/a><\/div>[\/vc_column][\/vc_row][vc_row full_width=\u00bbstretch_row\u00bb full_height=\u00bbyes\u00bb equal_height=\u00bbyes\u00bb content_placement=\u00bbmiddle\u00bb bg_type=\u00bbimage\u00bb parallax_style=\u00bbvcpb-default\u00bb bg_image_new=\u00bbid^2318|url^https:\/\/artesaniasdecolombia.com.co\/encuentros\/wp-content\/uploads\/2021\/12\/fondo_oficios_a1-scaled.jpg|caption^null|alt^null|title^fondo_oficios_a1|description^null\u00bb bg_image_repeat=\u00bbno-repeat\u00bb bg_img_attach=\u00bbfixed\u00bb enable_overlay=\u00bbenable_overlay_value\u00bb overlay_color=\u00bbrgba(0,0,0,0.7)\u00bb][vc_column][vc_empty_space][vc_column_text css_animation=\u00bbnone\u00bb]<\/p>\n<h5><span style=\"color: #ae6e58; letter-spacing: 4px;\">OFICIOS<\/span><\/h5>\n<p>[\/vc_column_text][vc_empty_space][vc_row_inner css=\u00bb.vc_custom_1572317457461{padding-right: 70px !important;padding-left: 70px !important;}\u00bb][vc_column_inner width=\u00bb1\/4&#8243;]<div class=\"aio-icon-component    style_2\"><a class=\"aio-icon-box-link\" href=\"http:\/\/artesaniasdecolombia.com.co\/encuentros\/trabajo-en-madera\/\" ><div id=\"Info-box-wrap-2543\" class=\"aio-icon-box top-icon\" style=\"\"  ><div class=\"aio-icon-top\"><div class=\"ult-just-icon-wrapper  \"><div class=\"align-icon\" style=\"text-align:center;\">\n<div class=\"aio-icon-img \" style=\"font-size:180px;display:inline-block;\" data-animation=\"bounceInUp\" data-animation-delay=\"03\">\n\t<img class=\"img-icon\" alt=\"TRABAJO EN MADERA\" src=\"https:\/\/artesaniasdecolombia.com.co\/encuentros\/wp-content\/uploads\/2019\/10\/madera.png\"\/>\n<\/div><\/div><\/div><\/div><div class=\"aio-icon-header\" ><h3 class=\"aio-icon-title ult-responsive\"  data-ultimate-target='#Info-box-wrap-2543 .aio-icon-title'  data-responsive-json-new='{\"font-size\":\"desktop:20px;\",\"line-height\":\"\"}'  style=\"font-family:&#039;Work Sans&#039;;font-weight:300;color:#ffffff;\">TRABAJO EN MADERA<\/h3><\/div> <!-- header --><\/div> <!-- aio-icon-box --><\/a><\/div> <!-- aio-icon-component -->[\/vc_column_inner][vc_column_inner width=\u00bb1\/4&#8243;]<div class=\"aio-icon-component    style_2\"><a class=\"aio-icon-box-link\" href=\"http:\/\/artesaniasdecolombia.com.co\/encuentros\/tejeduria-en-werregue\/\" ><div id=\"Info-box-wrap-2245\" class=\"aio-icon-box top-icon\" style=\"\"  ><div class=\"aio-icon-top\"><div class=\"ult-just-icon-wrapper  \"><div class=\"align-icon\" style=\"text-align:center;\">\n<div class=\"aio-icon-img \" style=\"font-size:180px;display:inline-block;\" data-animation=\"bounceInUp\" data-animation-delay=\"03\">\n\t<img class=\"img-icon\" alt=\"TEJEDUR\u00cdA EN WERREGUE\" src=\"https:\/\/artesaniasdecolombia.com.co\/encuentros\/wp-content\/uploads\/2019\/10\/Tejedur\u00eda_en_w\u00e9rregue.png\"\/>\n<\/div><\/div><\/div><\/div><div class=\"aio-icon-header\" ><h3 class=\"aio-icon-title ult-responsive\"  data-ultimate-target='#Info-box-wrap-2245 .aio-icon-title'  data-responsive-json-new='{\"font-size\":\"desktop:20px;\",\"line-height\":\"\"}'  style=\"font-family:&#039;Work Sans&#039;;font-weight:300;color:#ffffff;\">TEJEDUR\u00cdA EN WERREGUE<\/h3><\/div> <!-- header --><\/div> <!-- aio-icon-box --><\/a><\/div> <!-- aio-icon-component -->[\/vc_column_inner][vc_column_inner width=\u00bb1\/4&#8243;]<div class=\"aio-icon-component    style_2\"><a class=\"aio-icon-box-link\" href=\"http:\/\/artesaniasdecolombia.com.co\/encuentros\/tejeduria-en-telar\/\" ><div id=\"Info-box-wrap-3509\" class=\"aio-icon-box top-icon\" style=\"\"  ><div class=\"aio-icon-top\"><div class=\"ult-just-icon-wrapper  \"><div class=\"align-icon\" style=\"text-align:center;\">\n<div class=\"aio-icon-img \" style=\"font-size:180px;display:inline-block;\" data-animation=\"bounceInUp\" data-animation-delay=\"03\">\n\t<img class=\"img-icon\" alt=\"TELAR\" src=\"https:\/\/artesaniasdecolombia.com.co\/encuentros\/wp-content\/uploads\/2019\/10\/telar.png\"\/>\n<\/div><\/div><\/div><\/div><div class=\"aio-icon-header\" ><h3 class=\"aio-icon-title ult-responsive\"  data-ultimate-target='#Info-box-wrap-3509 .aio-icon-title'  data-responsive-json-new='{\"font-size\":\"desktop:20px;\",\"line-height\":\"\"}'  style=\"font-family:&#039;Work Sans&#039;;font-weight:300;color:#ffffff;\">TELAR<\/h3><\/div> <!-- header --><\/div> <!-- aio-icon-box --><\/a><\/div> <!-- aio-icon-component -->[\/vc_column_inner][vc_column_inner width=\u00bb1\/4&#8243;]<div class=\"aio-icon-component    style_2\"><a class=\"aio-icon-box-link\" href=\"http:\/\/artesaniasdecolombia.com.co\/encuentros\/cesteria\/\" ><div id=\"Info-box-wrap-8500\" class=\"aio-icon-box top-icon\" style=\"\"  ><div class=\"aio-icon-top\"><div class=\"ult-just-icon-wrapper  \"><div class=\"align-icon\" style=\"text-align:center;\">\n<div class=\"aio-icon-img \" style=\"font-size:180px;display:inline-block;\" data-animation=\"bounceInUp\" data-animation-delay=\"03\">\n\t<img class=\"img-icon\" alt=\"CESTER\u00cdA\" src=\"https:\/\/artesaniasdecolombia.com.co\/encuentros\/wp-content\/uploads\/2019\/10\/cesteria.png\"\/>\n<\/div><\/div><\/div><\/div><div class=\"aio-icon-header\" ><h3 class=\"aio-icon-title ult-responsive\"  data-ultimate-target='#Info-box-wrap-8500 .aio-icon-title'  data-responsive-json-new='{\"font-size\":\"desktop:20px;\",\"line-height\":\"\"}'  style=\"font-family:&#039;Work Sans&#039;;font-weight:300;color:#ffffff;\">CESTER\u00cdA<\/h3><\/div> <!-- header --><\/div> <!-- aio-icon-box --><\/a><\/div> <!-- aio-icon-component -->[\/vc_column_inner][\/vc_row_inner][vc_empty_space][vc_row_inner css=\u00bb.vc_custom_1572317457461{padding-right: 70px !important;padding-left: 70px !important;}\u00bb][vc_column_inner width=\u00bb1\/4&#8243;]<div class=\"aio-icon-component    style_2\"><a class=\"aio-icon-box-link\" href=\"http:\/\/artesaniasdecolombia.com.co\/encuentros\/instrumentos-musicales\/\" ><div id=\"Info-box-wrap-2392\" class=\"aio-icon-box top-icon\" style=\"\"  ><div class=\"aio-icon-top\"><div class=\"ult-just-icon-wrapper  \"><div class=\"align-icon\" style=\"text-align:center;\">\n<div class=\"aio-icon-img \" style=\"font-size:180px;display:inline-block;\" data-animation=\"bounceInUp\" data-animation-delay=\"03\">\n\t<img class=\"img-icon\" alt=\"INSTRUMENTOS MUSICALES\" src=\"https:\/\/artesaniasdecolombia.com.co\/encuentros\/wp-content\/uploads\/2019\/10\/Instrumentos.png\"\/>\n<\/div><\/div><\/div><\/div><div class=\"aio-icon-header\" ><h3 class=\"aio-icon-title ult-responsive\"  data-ultimate-target='#Info-box-wrap-2392 .aio-icon-title'  data-responsive-json-new='{\"font-size\":\"desktop:20px;\",\"line-height\":\"\"}'  style=\"font-family:&#039;Work Sans&#039;;font-weight:300;color:#ffffff;\">INSTRUMENTOS MUSICALES<\/h3><\/div> <!-- header --><\/div> <!-- aio-icon-box --><\/a><\/div> <!-- aio-icon-component -->[\/vc_column_inner][vc_column_inner width=\u00bb1\/4&#8243;]<div class=\"aio-icon-component    style_2\"><a class=\"aio-icon-box-link\" href=\"http:\/\/artesaniasdecolombia.com.co\/encuentros\/tejeduria-en-chaquira\/\" ><div id=\"Info-box-wrap-8066\" class=\"aio-icon-box top-icon\" style=\"\"  ><div class=\"aio-icon-top\"><div class=\"ult-just-icon-wrapper  \"><div class=\"align-icon\" style=\"text-align:center;\">\n<div class=\"aio-icon-img \" style=\"font-size:180px;display:inline-block;\" data-animation=\"bounceInUp\" data-animation-delay=\"03\">\n\t<img class=\"img-icon\" alt=\"TEJEDUR\u00cdA EN CHAQUIRA\" src=\"https:\/\/artesaniasdecolombia.com.co\/encuentros\/wp-content\/uploads\/2019\/10\/chaquiras.png\"\/>\n<\/div><\/div><\/div><\/div><div class=\"aio-icon-header\" ><h3 class=\"aio-icon-title ult-responsive\"  data-ultimate-target='#Info-box-wrap-8066 .aio-icon-title'  data-responsive-json-new='{\"font-size\":\"desktop:20px;\",\"line-height\":\"\"}'  style=\"font-family:&#039;Work Sans&#039;;font-weight:300;color:#ffffff;\">TEJEDUR\u00cdA EN CHAQUIRA<\/h3><\/div> <!-- header --><\/div> <!-- aio-icon-box --><\/a><\/div> <!-- aio-icon-component -->[\/vc_column_inner][vc_column_inner width=\u00bb1\/4&#8243;]<div class=\"aio-icon-component    style_2\"><a class=\"aio-icon-box-link\" href=\"http:\/\/artesaniasdecolombia.com.co\/encuentros\/tela-sobre-tela\/\" ><div id=\"Info-box-wrap-8373\" class=\"aio-icon-box top-icon\" style=\"\"  ><div class=\"aio-icon-top\"><div class=\"ult-just-icon-wrapper  \"><div class=\"align-icon\" style=\"text-align:center;\">\n<div class=\"aio-icon-img \" style=\"font-size:180px;display:inline-block;\" data-animation=\"bounceInUp\" data-animation-delay=\"03\">\n\t<img class=\"img-icon\" alt=\"TELA SOBRE TELA\" src=\"https:\/\/artesaniasdecolombia.com.co\/encuentros\/wp-content\/uploads\/2019\/10\/tela_sobre-tela.png\"\/>\n<\/div><\/div><\/div><\/div><div class=\"aio-icon-header\" ><h3 class=\"aio-icon-title ult-responsive\"  data-ultimate-target='#Info-box-wrap-8373 .aio-icon-title'  data-responsive-json-new='{\"font-size\":\"desktop:20px;\",\"line-height\":\"\"}'  style=\"font-family:&#039;Work Sans&#039;;font-weight:300;color:#ffffff;\">TELA SOBRE TELA<\/h3><\/div> <!-- header --><\/div> <!-- aio-icon-box --><\/a><\/div> <!-- aio-icon-component -->[\/vc_column_inner][vc_column_inner width=\u00bb1\/4&#8243;]<div class=\"aio-icon-component    style_2\"><a class=\"aio-icon-box-link\" href=\"http:\/\/artesaniasdecolombia.com.co\/encuentros\/filigrana\/\" ><div id=\"Info-box-wrap-3589\" class=\"aio-icon-box top-icon\" style=\"\"  ><div class=\"aio-icon-top\"><div class=\"ult-just-icon-wrapper  \"><div class=\"align-icon\" style=\"text-align:center;\">\n<div class=\"aio-icon-img \" style=\"font-size:180px;display:inline-block;\" data-animation=\"bounceInUp\" data-animation-delay=\"03\">\n\t<img class=\"img-icon\" alt=\"FILIGRANA\" src=\"https:\/\/artesaniasdecolombia.com.co\/encuentros\/wp-content\/uploads\/2019\/10\/filigrana.png\"\/>\n<\/div><\/div><\/div><\/div><div class=\"aio-icon-header\" ><h3 class=\"aio-icon-title ult-responsive\"  data-ultimate-target='#Info-box-wrap-3589 .aio-icon-title'  data-responsive-json-new='{\"font-size\":\"desktop:20px;\",\"line-height\":\"\"}'  style=\"font-family:&#039;Work Sans&#039;;font-weight:300;color:#ffffff;\">FILIGRANA<\/h3><\/div> <!-- header --><\/div> <!-- aio-icon-box --><\/a><\/div> <!-- aio-icon-component -->[\/vc_column_inner][\/vc_row_inner][vc_empty_space][\/vc_column][\/vc_row][vc_row full_width=\u00bbstretch_row\u00bb equal_height=\u00bbyes\u00bb content_placement=\u00bbmiddle\u00bb bg_type=\u00bbbg_color\u00bb ult_hide_row=\u00bbult_hide_row_value\u00bb ult_hide_row_large_screen=\u00bblarge_screen\u00bb ult_hide_row_desktop=\u00bbdesktop\u00bb ult_hide_row_tablet=\u00bbtablet\u00bb bg_color_value=\u00bb#333333&#8243;][vc_column]<div class=\" vc_custom_1608832396405 ubtn-ctn-right \"><a class=\"ubtn-link ult-adjust-bottom-margin ubtn-right ubtn-normal \" href=\"http:\/\/artesaniasdecolombia.com.co\/encuentros\/productos\/\" ><button type=\"button\" id=\"ubtn-8437\"  class=\"ubtn ult-adjust-bottom-margin ult-responsive ubtn-normal ubtn-no-hover-bg  none  ubtn-right   tooltip-69d37288d12c6\"  data-hover=\"\" data-border-color=\"\" data-bg=\"#ae6e58\" data-hover-bg=\"\" data-border-hover=\"\" data-shadow-hover=\"\" data-shadow-click=\"none\" data-shadow=\"\" data-shd-shadow=\"\"  data-ultimate-target='#ubtn-8437'  data-responsive-json-new='{\"font-size\":\"desktop:18px;\",\"line-height\":\"\"}'  style=\"font-family:&#039;Playfair Display&#039;;font-weight:normal;border:none;background: #ae6e58;color: #000000;\"><span class=\"ubtn-hover\" style=\"background-color:\"><\/span><span class=\"ubtn-data ubtn-text \" >VER M\u00c1S<\/span><\/button><\/a><\/div>[vc_empty_space][vc_column_text css_animation=\u00bbnone\u00bb]<\/p>\n<h5><span style=\"color: #ae6e58; letter-spacing: 4px;\">PRODUCTOS<\/span><\/h5>\n<p>[\/vc_column_text][vc_column_text]ESCR\u00cdBENOS Y RECIBE INFORMACI\u00d3N COMERCIAL, CAT\u00c1LOGOS DE PRODUCTOS Y PROGRAMACI\u00d3N DE FERIAS Y EVENTOS.[\/vc_column_text][vc_empty_space][vc_media_grid style=\u00bbpagination\u00bb items_per_page=\u00bb4&#8243; element_width=\u00bb12&#8243; gap=\u00bb20&#8243; paging_design=\u00bbnone\u00bb loop=\u00bbyes\u00bb autoplay=\u00bb5&#8243; grid_id=\u00bbvc_gid:1639932360636-7948d5c9-d9ad-3&#8243; include=\u00bb1272,2368,976,2335,971,2359,927,2334,1860&#8243;][vc_row_inner][vc_column_inner]<div class=\" vc_custom_1608832546346 ubtn-ctn-center \"><a class=\"ubtn-link ult-adjust-bottom-margin ubtn-center ubtn-normal \" href=\"http:\/\/artesaniasdecolombia.com.co\/encuentros\/productos\/\" ><button type=\"button\" id=\"ubtn-5346\"  class=\"ubtn ult-adjust-bottom-margin ult-responsive ubtn-normal ubtn-no-hover-bg  none  ubtn-center   tooltip-69d37288d1304\"  data-hover=\"\" data-border-color=\"\" data-bg=\"#ae6e58\" data-hover-bg=\"\" data-border-hover=\"\" data-shadow-hover=\"\" data-shadow-click=\"none\" data-shadow=\"\" data-shd-shadow=\"\"  data-ultimate-target='#ubtn-5346'  data-responsive-json-new='{\"font-size\":\"desktop:18px;\",\"line-height\":\"\"}'  style=\"font-family:&#039;Playfair Display&#039;;font-weight:normal;border:none;background: #ae6e58;color: #000000;\"><span class=\"ubtn-hover\" style=\"background-color:\"><\/span><span class=\"ubtn-data ubtn-text \" >VER M\u00c1S<\/span><\/button><\/a><\/div><div class=\" vc_custom_1608832617747 ubtn-ctn-center \"><a class=\"ubtn-link ult-adjust-bottom-margin ubtn-center ubtn-normal \" href=\"https:\/\/artesaniasdecolombia.com.co\/encuentros\/catalogos-comunidades\/\" ><button type=\"button\" id=\"ubtn-3568\"  class=\"ubtn ult-adjust-bottom-margin ult-responsive ubtn-normal ubtn-no-hover-bg  none  ubtn-center   tooltip-69d37288d132d\"  data-hover=\"\" data-border-color=\"\" data-bg=\"#ae6e58\" data-hover-bg=\"\" data-border-hover=\"\" data-shadow-hover=\"\" data-shadow-click=\"none\" data-shadow=\"\" data-shd-shadow=\"\"  data-ultimate-target='#ubtn-3568'  data-responsive-json-new='{\"font-size\":\"desktop:18px;\",\"line-height\":\"\"}'  style=\"font-family:&#039;Playfair Display&#039;;font-weight:normal;border:none;background: #ae6e58;color: #000000;\"><span class=\"ubtn-hover\" style=\"background-color:\"><\/span><span class=\"ubtn-data ubtn-text \" >VER PRODUCTOS POR COMUNIDAD<\/span><\/button><\/a><\/div>[\/vc_column_inner][\/vc_row_inner][vc_empty_space][\/vc_column][\/vc_row][vc_row full_width=\u00bbstretch_row\u00bb equal_height=\u00bbyes\u00bb content_placement=\u00bbmiddle\u00bb bg_type=\u00bbbg_color\u00bb ult_hide_row=\u00bbult_hide_row_value\u00bb ult_hide_row_tablet_small=\u00bbxs_tablet\u00bb ult_hide_row_mobile=\u00bbmobile\u00bb ult_hide_row_mobile_large=\u00bbxl_mobile\u00bb bg_color_value=\u00bb#333333&#8243;][vc_column][vc_empty_space][vc_column_text css_animation=\u00bbnone\u00bb]<\/p>\n<h5><span style=\"color: #ae6e58; letter-spacing: 4px;\">PRODUCTOS<\/span><\/h5>\n<p>[\/vc_column_text][vc_column_text]ESCR\u00cdBENOS Y RECIBE INFORMACI\u00d3N COMERCIAL, CAT\u00c1LOGOS DE PRODUCTOS Y PROGRAMACI\u00d3N DE FERIAS Y EVENTOS.[\/vc_column_text][vc_empty_space][vc_media_grid style=\u00bbpagination\u00bb items_per_page=\u00bb4&#8243; element_width=\u00bb3&#8243; gap=\u00bb20&#8243; paging_design=\u00bbnone\u00bb loop=\u00bbyes\u00bb autoplay=\u00bb5&#8243; grid_id=\u00bbvc_gid:1639932360638-e42485e0-8abc-9&#8243; include=\u00bb1272,2368,976,2335,971,2359,927,2334,1860,2346,2286,2356&#8243;][vc_row_inner][vc_column_inner]<div class=\" vc_custom_1608832546346 ubtn-ctn-center \"><a class=\"ubtn-link ult-adjust-bottom-margin ubtn-center ubtn-normal \" href=\"http:\/\/artesaniasdecolombia.com.co\/encuentros\/productos\/\" ><button type=\"button\" id=\"ubtn-8960\"  class=\"ubtn ult-adjust-bottom-margin ult-responsive ubtn-normal ubtn-no-hover-bg  none  ubtn-center   tooltip-69d37288d1351\"  data-hover=\"\" data-border-color=\"\" data-bg=\"#ae6e58\" data-hover-bg=\"\" data-border-hover=\"\" data-shadow-hover=\"\" data-shadow-click=\"none\" data-shadow=\"\" data-shd-shadow=\"\"  data-ultimate-target='#ubtn-8960'  data-responsive-json-new='{\"font-size\":\"desktop:18px;\",\"line-height\":\"\"}'  style=\"font-family:&#039;Playfair Display&#039;;font-weight:normal;border:none;background: #ae6e58;color: #000000;\"><span class=\"ubtn-hover\" style=\"background-color:\"><\/span><span class=\"ubtn-data ubtn-text \" >VER M\u00c1S<\/span><\/button><\/a><\/div><div class=\" vc_custom_1608832624278 ubtn-ctn-center \"><a class=\"ubtn-link ult-adjust-bottom-margin ubtn-center ubtn-normal \" href=\"https:\/\/artesaniasdecolombia.com.co\/encuentros\/catalogos-comunidades\/\" ><button type=\"button\" id=\"ubtn-5696\"  class=\"ubtn ult-adjust-bottom-margin ult-responsive ubtn-normal ubtn-no-hover-bg  none  ubtn-center   tooltip-69d37288d1374\"  data-hover=\"\" data-border-color=\"\" data-bg=\"#ae6e58\" data-hover-bg=\"\" data-border-hover=\"\" data-shadow-hover=\"\" data-shadow-click=\"none\" data-shadow=\"\" data-shd-shadow=\"\"  data-ultimate-target='#ubtn-5696'  data-responsive-json-new='{\"font-size\":\"desktop:18px;\",\"line-height\":\"\"}'  style=\"font-family:&#039;Playfair Display&#039;;font-weight:normal;border:none;background: #ae6e58;color: #000000;\"><span class=\"ubtn-hover\" style=\"background-color:\"><\/span><span class=\"ubtn-data ubtn-text \" >VER PRODUCTOS POR COMUNIDAD<\/span><\/button><\/a><\/div>[\/vc_column_inner][\/vc_row_inner][vc_empty_space][\/vc_column][\/vc_row]<\/p>\n","protected":false},"excerpt":{"rendered":"<p>[vc_row content_placement=\u00bbmiddle\u00bb bg_type=\u00bbimage\u00bb css=\u00bb.vc_custom_1639603035924{margin-top: 50px !important;}\u00bb][vc_column width=\u00bb1\/2&#8243;][vc_single_image image=\u00bb1447&#8243; img_size=\u00bblarge\u00bb style=\u00bbvc_box_shadow\u00bb][\/vc_column][vc_column css_animation=\u00bbfadeInDown\u00bb width=\u00bb1\/2&#8243;][vc_column_text css_animation=\u00bbnone\u00bb] BIENVENIDOS [\/vc_column_text][vc_column_text css_animation=\u00bbnone\u00bb]EL PROGRAMA DISE\u00d1A PROYECTOS PARA LA ATENCI\u00d3N A POBLACI\u00d3N DESPLAZADA, V\u00cdCTIMA Y EN SITUACI\u00d3N DE VULNERABILIDAD EN COLOMBIA, QUE CUMPLA CON LAS CARACTER\u00cdSTICAS DE SER POBLACI\u00d3N ARTESANA Y CONOCEDORA DE LOS OFICIOS ARTESANALES.[\/vc_column_text][\/vc_column][\/vc_row][vc_row full_width=\u00bbstretch_row\u00bb full_height=\u00bbyes\u00bb equal_height=\u00bbyes\u00bb content_placement=\u00bbmiddle\u00bb bg_type=\u00bbimage\u00bb parallax_style=\u00bbvcpb-default\u00bb bg_image_new=\u00bbid^2318|url^https:\/\/artesaniasdecolombia.com.co\/encuentros\/wp-content\/uploads\/2021\/12\/fondo_oficios_a1-scaled.jpg|caption^null|alt^null|title^fondo_oficios_a1|description^null\u00bb&hellip;<\/p>\n","protected":false},"author":1,"featured_media":0,"parent":0,"menu_order":0,"comment_status":"closed","ping_status":"closed","template":"","meta":{"inline_featured_image":false},"_links":{"self":[{"href":"https:\/\/artesaniasdecolombia.com.co\/encuentros\/wp-json\/wp\/v2\/pages\/709"}],"collection":[{"href":"https:\/\/artesaniasdecolombia.com.co\/encuentros\/wp-json\/wp\/v2\/pages"}],"about":[{"href":"https:\/\/artesaniasdecolombia.com.co\/encuentros\/wp-json\/wp\/v2\/types\/page"}],"author":[{"embeddable":true,"href":"https:\/\/artesaniasdecolombia.com.co\/encuentros\/wp-json\/wp\/v2\/users\/1"}],"replies":[{"embeddable":true,"href":"https:\/\/artesaniasdecolombia.com.co\/encuentros\/wp-json\/wp\/v2\/comments?post=709"}],"version-history":[{"count":196,"href":"https:\/\/artesaniasdecolombia.com.co\/encuentros\/wp-json\/wp\/v2\/pages\/709\/revisions"}],"predecessor-version":[{"id":2374,"href":"https:\/\/artesaniasdecolombia.com.co\/encuentros\/wp-json\/wp\/v2\/pages\/709\/revisions\/2374"}],"wp:attachment":[{"href":"https:\/\/artesaniasdecolombia.com.co\/encuentros\/wp-json\/wp\/v2\/media?parent=709"}],"curies":[{"name":"wp","href":"https:\/\/api.w.org\/{rel}","templated":true}]}}