{"id":19,"date":"2018-02-05T06:09:11","date_gmt":"2018-02-05T11:09:11","guid":{"rendered":"https:\/\/the7.io\/digital-agency\/?page_id=19"},"modified":"2021-12-17T18:34:44","modified_gmt":"2021-12-17T18:34:44","slug":"contacto","status":"publish","type":"page","link":"https:\/\/artesaniasdecolombia.com.co\/encuentros\/contacto\/","title":{"rendered":"Contacto"},"content":{"rendered":"<p>[vc_row equal_height=\u00bbyes\u00bb bg_type=\u00bbimage\u00bb parallax_style=\u00bbvcpb-default\u00bb bg_image_new=\u00bbid^1382|url^https:\/\/artesaniasdecolombia.com.co\/encuentros\/wp-content\/uploads\/2019\/10\/fondo_oficios_a.jpg|caption^null|alt^oficios artesanales|title^fondo_oficios_a|description^null\u00bb bg_image_repeat=\u00bbno-repeat\u00bb bg_override=\u00bbex-full\u00bb css=\u00bb.vc_custom_1639765974837{margin-bottom: -40px !important;padding-top: 40px !important;}\u00bb][vc_column width=\u00bb5\/12&#8243; css=\u00bb.vc_custom_1639766081681{margin-right: 25px !important;margin-bottom: 50px !important;margin-left: 25px !important;padding-top: 50px !important;padding-right: 50px !important;padding-bottom: 50px !important;padding-left: 50px !important;background-color: rgba(255,255,255,0.9) !important;*background-color: rgb(255,255,255) !important;}\u00bb]<div id=\"ultimate-heading-799769f2e1ff2c871\" class=\"uvc-heading ult-adjust-bottom-margin ultimate-heading-799769f2e1ff2c871 uvc-9355 accent-icon-color color-title accent-title-color dt-phone\" data-hspacer=\"icon_only\"  data-halign=\"center\" style=\"text-align:center\"><div class=\"uvc-heading-spacer icon_only\" style=\"margin-bottom:10px;\"><div class=\"ult-just-icon-wrapper  \"><div class=\"align-icon\" style=\"text-align:center;\">\n<div class=\"aio-icon none \"  style=\"font-size:32px;display:inline-block;\">\n\t<i class=\"icomoon-the7-font-the7-cart-14\"><\/i>\n<\/div><\/div><\/div><\/div><div class=\"uvc-main-heading ult-responsive\"  data-ultimate-target='.uvc-heading.ultimate-heading-799769f2e1ff2c871 h2'  data-responsive-json-new='{\"font-size\":\"desktop:14px;\",\"line-height\":\"desktop:24px;\"}' ><h2 style=\"font-weight:bold;\">Informaci\u00f3n para comprar<\/h2><\/div><div class=\"uvc-sub-heading ult-responsive\"  data-ultimate-target='.uvc-heading.ultimate-heading-799769f2e1ff2c871 .uvc-sub-heading '  data-responsive-json-new='{\"font-size\":\"desktop:28px;\",\"line-height\":\"desktop:38px;\"}'  style=\"font-weight:bold;margin-bottom:30px;\">(57) 310 311 0347<\/div><\/div><div id=\"ultimate-heading-22469f2e1ff2c8df\" class=\"uvc-heading ult-adjust-bottom-margin ultimate-heading-22469f2e1ff2c8df uvc-4522 accent-icon-color color-title accent-title-color dt-phone\" data-hspacer=\"icon_only\"  data-halign=\"center\" style=\"text-align:center\"><div class=\"uvc-heading-spacer icon_only\" style=\"margin-bottom:10px;\"><div class=\"ult-just-icon-wrapper  \"><div class=\"align-icon\" style=\"text-align:center;\">\n<div class=\"aio-icon none \"  style=\"font-size:32px;display:inline-block;\">\n\t<i class=\"icomoon-fontawesome-16x16-mobile-alt\"><\/i>\n<\/div><\/div><\/div><\/div><div class=\"uvc-main-heading ult-responsive\"  data-ultimate-target='.uvc-heading.ultimate-heading-22469f2e1ff2c8df h2'  data-responsive-json-new='{\"font-size\":\"desktop:14px;\",\"line-height\":\"desktop:24px;\"}' ><h2 style=\"font-weight:bold;\">Tel\u00e9fonos<\/h2><\/div><div class=\"uvc-sub-heading ult-responsive\"  data-ultimate-target='.uvc-heading.ultimate-heading-22469f2e1ff2c8df .uvc-sub-heading '  data-responsive-json-new='{\"font-size\":\"desktop:28px;\",\"line-height\":\"desktop:38px;\"}'  style=\"font-weight:bold;margin-bottom:30px;\">(571) 5550325 &#8211; 5550326 &#8211; 2861766<\/div><\/div><div id=\"ultimate-heading-928369f2e1ff2c929\" class=\"uvc-heading ult-adjust-bottom-margin ultimate-heading-928369f2e1ff2c929 uvc-1457 accent-icon-color color-title accent-title-color\" data-hspacer=\"icon_only\"  data-halign=\"center\" style=\"text-align:center\"><div class=\"uvc-heading-spacer icon_only\" style=\"margin-bottom:10px;\"><div class=\"ult-just-icon-wrapper  \"><div class=\"align-icon\" style=\"text-align:center;\">\n<div class=\"aio-icon none \"  style=\"font-size:32px;display:inline-block;\">\n\t<i class=\"icomoon-fontawesome-16x16-map-marker-alt\"><\/i>\n<\/div><\/div><\/div><\/div><div class=\"uvc-main-heading ult-responsive\"  data-ultimate-target='.uvc-heading.ultimate-heading-928369f2e1ff2c929 h2'  data-responsive-json-new='{\"font-size\":\"desktop:14px;\",\"line-height\":\"desktop:24px;\"}' ><h2 style=\"font-weight:bold;\">Ubicaci\u00f3n<\/h2><\/div><div class=\"uvc-sub-heading ult-responsive\"  data-ultimate-target='.uvc-heading.ultimate-heading-928369f2e1ff2c929 .uvc-sub-heading '  data-responsive-json-new='{\"font-size\":\"desktop:18px;\",\"line-height\":\"desktop:28px;\"}'  style=\"font-weight:bold;margin-bottom:30px;\">Cra 2 No. 18A-58, Barrio Las Aguas<br \/>\nBogot\u00e1, Colombia<\/div><\/div><style type=\"text\/css\" data-type=\"the7_shortcodes-inline-css\">.dt-shortcode-soc-icons.soc-icons-74c410b06c4f55dbdf014c8618579962 a {\n  margin-right: 10px;\n}\n.dt-shortcode-soc-icons a.soc-icons-74c410b06c4f55dbdf014c8618579962 {\n  min-width: ;\n  min-height: ;\n  font-size: ;\n  border-radius: ;\n  margin-right: 10px;\n}\n.dt-shortcode-soc-icons a.soc-icons-74c410b06c4f55dbdf014c8618579962:last-child {\n  margin-right: 0;\n}\n.dt-shortcode-soc-icons a.soc-icons-74c410b06c4f55dbdf014c8618579962:before,\n.dt-shortcode-soc-icons a.soc-icons-74c410b06c4f55dbdf014c8618579962:after {\n  min-width: ;\n  min-height: ;\n  padding: inherit;\n}\n.dt-shortcode-soc-icons a.soc-icons-74c410b06c4f55dbdf014c8618579962.dt-icon-border-on:before {\n  border:  solid ;\n}\n.dt-shortcode-soc-icons a.soc-icons-74c410b06c4f55dbdf014c8618579962.dt-icon-hover-border-on:after {\n  border:  solid ;\n}\n.dt-shortcode-soc-icons a.soc-icons-74c410b06c4f55dbdf014c8618579962:hover {\n  font-size: ;\n}\n.dt-shortcode-soc-icons a.soc-icons-74c410b06c4f55dbdf014c8618579962 .soc-font-icon,\n.dt-shortcode-soc-icons a.soc-icons-74c410b06c4f55dbdf014c8618579962 .soc-icon {\n  font-size: ;\n}\n<\/style><div class=\"dt-shortcode-soc-icons  soc-icons-74c410b06c4f55dbdf014c8618579962 soc-icons-center \" ><style type=\"text\/css\" data-type=\"the7_shortcodes-inline-css\">.dt-shortcode-soc-icons.single-soc-icon-aa403fc65c7c2312955d966758db46ae a {\n  margin-right: ;\n}\n.dt-shortcode-soc-icons a.single-soc-icon-aa403fc65c7c2312955d966758db46ae {\n  min-width: 40px;\n  min-height: 40px;\n  font-size: 24px;\n  border-radius: 100px;\n  margin-right: ;\n}\n.dt-shortcode-soc-icons a.single-soc-icon-aa403fc65c7c2312955d966758db46ae:last-child {\n  margin-right: 0;\n}\n.dt-shortcode-soc-icons a.single-soc-icon-aa403fc65c7c2312955d966758db46ae:before,\n.dt-shortcode-soc-icons a.single-soc-icon-aa403fc65c7c2312955d966758db46ae:after {\n  min-width: 40px;\n  min-height: 40px;\n  padding: inherit;\n}\n.dt-shortcode-soc-icons a.single-soc-icon-aa403fc65c7c2312955d966758db46ae.dt-icon-border-on:before {\n  border: 3px solid ;\n}\n.dt-shortcode-soc-icons a.single-soc-icon-aa403fc65c7c2312955d966758db46ae.dt-icon-hover-border-on:after {\n  border: 3px solid ;\n}\n.dt-shortcode-soc-icons a.single-soc-icon-aa403fc65c7c2312955d966758db46ae:hover {\n  font-size: 24px;\n}\n#page .dt-shortcode-soc-icons a.single-soc-icon-aa403fc65c7c2312955d966758db46ae:hover .soc-font-icon,\n#phantom .dt-shortcode-soc-icons a.single-soc-icon-aa403fc65c7c2312955d966758db46ae:hover .soc-font-icon,\n#page .dt-shortcode-soc-icons a.single-soc-icon-aa403fc65c7c2312955d966758db46ae:hover .soc-icon,\n#phantom .dt-shortcode-soc-icons a.single-soc-icon-aa403fc65c7c2312955d966758db46ae:hover .soc-icon {\n  color: #ffffff;\n  background: none;\n}\n.dt-shortcode-soc-icons a.single-soc-icon-aa403fc65c7c2312955d966758db46ae .soc-font-icon,\n.dt-shortcode-soc-icons a.single-soc-icon-aa403fc65c7c2312955d966758db46ae .soc-icon {\n  font-size: 24px;\n}\n<\/style><a title=\"Facebook\" href=\"https:\/\/web.facebook.com\/ArtesaniasColombiaOficial?_rdc=1&amp;_rdr\" target=\"_blank\" class=\"facebook single-soc-icon-aa403fc65c7c2312955d966758db46ae dt-icon-bg-off dt-icon-border-on dt-icon-hover-border-on dt-icon-hover-bg-on  \" rel=\"noopener\"><i class=\"soc-icon soc-font-icon dt-icon-facebook\"><\/i><span class=\"screen-reader-text\">Facebook<\/span><\/a><style type=\"text\/css\" data-type=\"the7_shortcodes-inline-css\">.dt-shortcode-soc-icons.single-soc-icon-cf9bd99d52ba0b10a3b2adc33359845e a {\n  margin-right: ;\n}\n.dt-shortcode-soc-icons a.single-soc-icon-cf9bd99d52ba0b10a3b2adc33359845e {\n  min-width: 40px;\n  min-height: 40px;\n  font-size: 24px;\n  border-radius: 100px;\n  margin-right: ;\n}\n.dt-shortcode-soc-icons a.single-soc-icon-cf9bd99d52ba0b10a3b2adc33359845e:last-child {\n  margin-right: 0;\n}\n.dt-shortcode-soc-icons a.single-soc-icon-cf9bd99d52ba0b10a3b2adc33359845e:before,\n.dt-shortcode-soc-icons a.single-soc-icon-cf9bd99d52ba0b10a3b2adc33359845e:after {\n  min-width: 40px;\n  min-height: 40px;\n  padding: inherit;\n}\n.dt-shortcode-soc-icons a.single-soc-icon-cf9bd99d52ba0b10a3b2adc33359845e.dt-icon-border-on:before {\n  border: 3px solid ;\n}\n.dt-shortcode-soc-icons a.single-soc-icon-cf9bd99d52ba0b10a3b2adc33359845e.dt-icon-hover-border-on:after {\n  border: 3px solid ;\n}\n.dt-shortcode-soc-icons a.single-soc-icon-cf9bd99d52ba0b10a3b2adc33359845e:hover {\n  font-size: 24px;\n}\n#page .dt-shortcode-soc-icons a.single-soc-icon-cf9bd99d52ba0b10a3b2adc33359845e:hover .soc-font-icon,\n#phantom .dt-shortcode-soc-icons a.single-soc-icon-cf9bd99d52ba0b10a3b2adc33359845e:hover .soc-font-icon,\n#page .dt-shortcode-soc-icons a.single-soc-icon-cf9bd99d52ba0b10a3b2adc33359845e:hover .soc-icon,\n#phantom .dt-shortcode-soc-icons a.single-soc-icon-cf9bd99d52ba0b10a3b2adc33359845e:hover .soc-icon {\n  color: #ffffff;\n  background: none;\n}\n.dt-shortcode-soc-icons a.single-soc-icon-cf9bd99d52ba0b10a3b2adc33359845e .soc-font-icon,\n.dt-shortcode-soc-icons a.single-soc-icon-cf9bd99d52ba0b10a3b2adc33359845e .soc-icon {\n  font-size: 24px;\n}\n<\/style><a title=\"Instagram\" href=\"https:\/\/www.instagram.com\/artesaniasdecolombia\/\" target=\"_blank\" class=\"instagram single-soc-icon-cf9bd99d52ba0b10a3b2adc33359845e dt-icon-bg-off dt-icon-border-on dt-icon-hover-border-on dt-icon-hover-bg-on  \" rel=\"noopener\"><i class=\"soc-icon soc-font-icon dt-icon-instagram\"><\/i><span class=\"screen-reader-text\">Instagram<\/span><\/a><style type=\"text\/css\" data-type=\"the7_shortcodes-inline-css\">.dt-shortcode-soc-icons.single-soc-icon-0b2539ce1c5a70295cca5741cea7f96d a {\n  margin-right: ;\n}\n.dt-shortcode-soc-icons a.single-soc-icon-0b2539ce1c5a70295cca5741cea7f96d {\n  min-width: 40px;\n  min-height: 40px;\n  font-size: 24px;\n  border-radius: 100px;\n  margin-right: ;\n}\n.dt-shortcode-soc-icons a.single-soc-icon-0b2539ce1c5a70295cca5741cea7f96d:last-child {\n  margin-right: 0;\n}\n.dt-shortcode-soc-icons a.single-soc-icon-0b2539ce1c5a70295cca5741cea7f96d:before,\n.dt-shortcode-soc-icons a.single-soc-icon-0b2539ce1c5a70295cca5741cea7f96d:after {\n  min-width: 40px;\n  min-height: 40px;\n  padding: inherit;\n}\n.dt-shortcode-soc-icons a.single-soc-icon-0b2539ce1c5a70295cca5741cea7f96d.dt-icon-border-on:before {\n  border: 3px solid ;\n}\n.dt-shortcode-soc-icons a.single-soc-icon-0b2539ce1c5a70295cca5741cea7f96d.dt-icon-hover-border-on:after {\n  border: 3px solid ;\n}\n.dt-shortcode-soc-icons a.single-soc-icon-0b2539ce1c5a70295cca5741cea7f96d:hover {\n  font-size: 24px;\n}\n#page .dt-shortcode-soc-icons a.single-soc-icon-0b2539ce1c5a70295cca5741cea7f96d:hover .soc-font-icon,\n#phantom .dt-shortcode-soc-icons a.single-soc-icon-0b2539ce1c5a70295cca5741cea7f96d:hover .soc-font-icon,\n#page .dt-shortcode-soc-icons a.single-soc-icon-0b2539ce1c5a70295cca5741cea7f96d:hover .soc-icon,\n#phantom .dt-shortcode-soc-icons a.single-soc-icon-0b2539ce1c5a70295cca5741cea7f96d:hover .soc-icon {\n  color: #ffffff;\n  background: none;\n}\n.dt-shortcode-soc-icons a.single-soc-icon-0b2539ce1c5a70295cca5741cea7f96d .soc-font-icon,\n.dt-shortcode-soc-icons a.single-soc-icon-0b2539ce1c5a70295cca5741cea7f96d .soc-icon {\n  font-size: 24px;\n}\n<\/style><a title=\"Twitter\" href=\"https:\/\/twitter.com\/artesaniasdcol\" target=\"_blank\" class=\"twitter single-soc-icon-0b2539ce1c5a70295cca5741cea7f96d dt-icon-bg-off dt-icon-border-on dt-icon-hover-border-on dt-icon-hover-bg-on  \" rel=\"noopener\"><i class=\"soc-icon soc-font-icon dt-icon-twitter\"><\/i><span class=\"screen-reader-text\">Twitter<\/span><\/a><style type=\"text\/css\" data-type=\"the7_shortcodes-inline-css\">.dt-shortcode-soc-icons.single-soc-icon-779c39e4d549dd922901af8194858df8 a {\n  margin-right: ;\n}\n.dt-shortcode-soc-icons a.single-soc-icon-779c39e4d549dd922901af8194858df8 {\n  min-width: 40px;\n  min-height: 40px;\n  font-size: 24px;\n  border-radius: 100px;\n  margin-right: ;\n}\n.dt-shortcode-soc-icons a.single-soc-icon-779c39e4d549dd922901af8194858df8:last-child {\n  margin-right: 0;\n}\n.dt-shortcode-soc-icons a.single-soc-icon-779c39e4d549dd922901af8194858df8:before,\n.dt-shortcode-soc-icons a.single-soc-icon-779c39e4d549dd922901af8194858df8:after {\n  min-width: 40px;\n  min-height: 40px;\n  padding: inherit;\n}\n.dt-shortcode-soc-icons a.single-soc-icon-779c39e4d549dd922901af8194858df8.dt-icon-border-on:before {\n  border: 3px solid ;\n}\n.dt-shortcode-soc-icons a.single-soc-icon-779c39e4d549dd922901af8194858df8.dt-icon-hover-border-on:after {\n  border: 3px solid ;\n}\n.dt-shortcode-soc-icons a.single-soc-icon-779c39e4d549dd922901af8194858df8:hover {\n  font-size: 24px;\n}\n#page .dt-shortcode-soc-icons a.single-soc-icon-779c39e4d549dd922901af8194858df8:hover .soc-font-icon,\n#phantom .dt-shortcode-soc-icons a.single-soc-icon-779c39e4d549dd922901af8194858df8:hover .soc-font-icon,\n#page .dt-shortcode-soc-icons a.single-soc-icon-779c39e4d549dd922901af8194858df8:hover .soc-icon,\n#phantom .dt-shortcode-soc-icons a.single-soc-icon-779c39e4d549dd922901af8194858df8:hover .soc-icon {\n  color: #ffffff;\n  background: none;\n}\n.dt-shortcode-soc-icons a.single-soc-icon-779c39e4d549dd922901af8194858df8 .soc-font-icon,\n.dt-shortcode-soc-icons a.single-soc-icon-779c39e4d549dd922901af8194858df8 .soc-icon {\n  font-size: 24px;\n}\n<\/style><a title=\"Pinterest\" href=\"https:\/\/co.pinterest.com\/artesaniasdcol\/\" target=\"_blank\" class=\"pinterest single-soc-icon-779c39e4d549dd922901af8194858df8 dt-icon-bg-off dt-icon-border-on dt-icon-hover-border-on dt-icon-hover-bg-on  \" rel=\"noopener\"><i class=\"soc-icon soc-font-icon dt-icon-pinterest\"><\/i><span class=\"screen-reader-text\">Pinterest<\/span><\/a><style type=\"text\/css\" data-type=\"the7_shortcodes-inline-css\">.dt-shortcode-soc-icons.single-soc-icon-6dc264d7a062614af0e0b5be8db27a42 a {\n  margin-right: ;\n}\n.dt-shortcode-soc-icons a.single-soc-icon-6dc264d7a062614af0e0b5be8db27a42 {\n  min-width: 40px;\n  min-height: 40px;\n  font-size: 24px;\n  border-radius: 100px;\n  margin-right: ;\n}\n.dt-shortcode-soc-icons a.single-soc-icon-6dc264d7a062614af0e0b5be8db27a42:last-child {\n  margin-right: 0;\n}\n.dt-shortcode-soc-icons a.single-soc-icon-6dc264d7a062614af0e0b5be8db27a42:before,\n.dt-shortcode-soc-icons a.single-soc-icon-6dc264d7a062614af0e0b5be8db27a42:after {\n  min-width: 40px;\n  min-height: 40px;\n  padding: inherit;\n}\n.dt-shortcode-soc-icons a.single-soc-icon-6dc264d7a062614af0e0b5be8db27a42.dt-icon-border-on:before {\n  border: 3px solid ;\n}\n.dt-shortcode-soc-icons a.single-soc-icon-6dc264d7a062614af0e0b5be8db27a42.dt-icon-hover-border-on:after {\n  border: 3px solid ;\n}\n.dt-shortcode-soc-icons a.single-soc-icon-6dc264d7a062614af0e0b5be8db27a42:hover {\n  font-size: 24px;\n}\n#page .dt-shortcode-soc-icons a.single-soc-icon-6dc264d7a062614af0e0b5be8db27a42:hover .soc-font-icon,\n#phantom .dt-shortcode-soc-icons a.single-soc-icon-6dc264d7a062614af0e0b5be8db27a42:hover .soc-font-icon,\n#page .dt-shortcode-soc-icons a.single-soc-icon-6dc264d7a062614af0e0b5be8db27a42:hover .soc-icon,\n#phantom .dt-shortcode-soc-icons a.single-soc-icon-6dc264d7a062614af0e0b5be8db27a42:hover .soc-icon {\n  color: #ffffff;\n  background: none;\n}\n.dt-shortcode-soc-icons a.single-soc-icon-6dc264d7a062614af0e0b5be8db27a42 .soc-font-icon,\n.dt-shortcode-soc-icons a.single-soc-icon-6dc264d7a062614af0e0b5be8db27a42 .soc-icon {\n  font-size: 24px;\n}\n<\/style><a title=\"YouTube\" href=\"https:\/\/www.youtube.com\/artesaniasdecolombia\" target=\"_blank\" class=\"you-tube single-soc-icon-6dc264d7a062614af0e0b5be8db27a42 dt-icon-bg-off dt-icon-border-on dt-icon-hover-border-on dt-icon-hover-bg-on  \" rel=\"noopener\"><i class=\"soc-icon soc-font-icon dt-icon-you-tube\"><\/i><span class=\"screen-reader-text\">YouTube<\/span><\/a><\/div>[\/vc_column][vc_column width=\u00bb7\/12&#8243; css=\u00bb.vc_custom_1639766071816{margin-right: 25px !important;margin-bottom: 50px !important;margin-left: 25px !important;padding-top: 50px !important;padding-right: 50px !important;padding-bottom: 50px !important;padding-left: 50px !important;background-color: rgba(255,255,255,0.9) !important;*background-color: rgb(255,255,255) !important;}\u00bb]<div id=\"ultimate-heading-925069f2e1ff2cddf\" class=\"uvc-heading ult-adjust-bottom-margin ultimate-heading-925069f2e1ff2cddf uvc-9923 accent-border-color\" data-hspacer=\"line_only\"  data-halign=\"center\" style=\"text-align:center\"><div class=\"uvc-main-heading ult-responsive\"  data-ultimate-target='.uvc-heading.ultimate-heading-925069f2e1ff2cddf h2'  data-responsive-json-new='{\"font-size\":\"desktop:34px;mobile_landscape:24px;\",\"line-height\":\"desktop:44px;mobile_landscape:34px;\"}' ><h2 style=\"font-weight:bold;margin-bottom:20px;\">Informaci\u00f3n para comprar<\/h2><\/div><div class=\"uvc-heading-spacer line_only\" style=\"margin-bottom:30px;height:4px;\"><span class=\"uvc-headings-line\" style=\"border-style:solid;border-bottom-width:4px;border-color:;width:100px;\"><\/span><\/div><div class=\"uvc-sub-heading ult-responsive\"  data-ultimate-target='.uvc-heading.ultimate-heading-925069f2e1ff2cddf .uvc-sub-heading '  data-responsive-json-new='{\"font-size\":\"desktop:16px;\",\"line-height\":\"desktop:28px;\"}'  style=\"font-weight:normal;margin-bottom:35px;\">Escr\u00edbenos y recibe informaci\u00f3n sobre c\u00f3mo comprar artesan\u00edas elaboradas por las comunidades beneficiadas por el programa.<\/div><\/div><form class=\"dt-contact-form dt-form\" method=\"post\"><input type=\"hidden\" name=\"widget_id\" value=\"presscore-contact-form-widget--1\" \/><input type=\"hidden\" name=\"send_message\" value=\"\" \/><input type=\"hidden\" name=\"security_token\" value=\"\"\/><div class=\"form-fields\"><span class=\"form-name\"><label class=\"assistive-text\">Nombre *<\/label><input type=\"text\" class=\"validate[required]\" placeholder=\"Nombre *\" name=\"name\" value=\"\" aria-required=\"true\">\n<\/span><span class=\"form-mail\"><label class=\"assistive-text\">E-mail *<\/label><input type=\"text\" class=\"validate[required,custom[email]]\" placeholder=\"E-mail *\" name=\"email\" value=\"\" aria-required=\"true\">\n<\/span><span class=\"form-telephone\"><label class=\"assistive-text\">Tel\u00e9fono<\/label><input type=\"text\" placeholder=\"Tel\u00e9fono\" name=\"telephone\" value=\"\" aria-required=\"false\">\n<\/span><span class=\"form-company\"><label class=\"assistive-text\">Empresa<\/label><input type=\"text\" placeholder=\"Empresa\" name=\"company\" value=\"\" aria-required=\"false\">\n<\/span><span class=\"form-website\"><label class=\"assistive-text\">Sitio web<\/label><input type=\"text\" placeholder=\"Sitio web\" name=\"website\" value=\"\" aria-required=\"false\">\n<\/span><\/div><span class=\"form-message\"><label class=\"assistive-text\">Mensaje *<\/label><textarea class=\"validate[required]\" placeholder=\"Mensaje *\" name=\"message\" rows=\"6\" aria-required=\"true\"><\/textarea>\n<\/span><p><a href=\"#\" class=\"dt-btn dt-btn-m dt-btn-submit\" rel=\"nofollow\"><span>Enviar mensaje<\/span><\/a><input class=\"assistive-text\" type=\"submit\" value=\"enviar\"><\/p><\/form>\n[\/vc_column][\/vc_row]<\/p>\n","protected":false},"excerpt":{"rendered":"<p>[vc_row equal_height=\u00bbyes\u00bb bg_type=\u00bbimage\u00bb parallax_style=\u00bbvcpb-default\u00bb bg_image_new=\u00bbid^1382|url^https:\/\/artesaniasdecolombia.com.co\/encuentros\/wp-content\/uploads\/2019\/10\/fondo_oficios_a.jpg|caption^null|alt^oficios artesanales|title^fondo_oficios_a|description^null\u00bb bg_image_repeat=\u00bbno-repeat\u00bb bg_override=\u00bbex-full\u00bb css=\u00bb.vc_custom_1639765974837{margin-bottom: -40px !important;padding-top: 40px !important;}\u00bb][vc_column width=\u00bb5\/12&#8243; css=\u00bb.vc_custom_1639766081681{margin-right: 25px !important;margin-bottom: 50px !important;margin-left: 25px !important;padding-top: 50px !important;padding-right: 50px !important;padding-bottom: 50px !important;padding-left: 50px !important;background-color: rgba(255,255,255,0.9) !important;*background-color: rgb(255,255,255) !important;}\u00bb][\/vc_column][vc_column width=\u00bb7\/12&#8243; css=\u00bb.vc_custom_1639766071816{margin-right: 25px !important;margin-bottom: 50px !important;margin-left: 25px !important;padding-top: 50px !important;padding-right: 50px !important;padding-bottom: 50px !important;padding-left: 50px !important;background-color: rgba(255,255,255,0.9) !important;*background-color: rgb(255,255,255) !important;}\u00bb][\/vc_column][\/vc_row]<\/p>\n","protected":false},"author":1,"featured_media":0,"parent":0,"menu_order":60,"comment_status":"closed","ping_status":"closed","template":"","meta":{"inline_featured_image":false},"_links":{"self":[{"href":"https:\/\/artesaniasdecolombia.com.co\/encuentros\/wp-json\/wp\/v2\/pages\/19"}],"collection":[{"href":"https:\/\/artesaniasdecolombia.com.co\/encuentros\/wp-json\/wp\/v2\/pages"}],"about":[{"href":"https:\/\/artesaniasdecolombia.com.co\/encuentros\/wp-json\/wp\/v2\/types\/page"}],"author":[{"embeddable":true,"href":"https:\/\/artesaniasdecolombia.com.co\/encuentros\/wp-json\/wp\/v2\/users\/1"}],"replies":[{"embeddable":true,"href":"https:\/\/artesaniasdecolombia.com.co\/encuentros\/wp-json\/wp\/v2\/comments?post=19"}],"version-history":[{"count":9,"href":"https:\/\/artesaniasdecolombia.com.co\/encuentros\/wp-json\/wp\/v2\/pages\/19\/revisions"}],"predecessor-version":[{"id":2331,"href":"https:\/\/artesaniasdecolombia.com.co\/encuentros\/wp-json\/wp\/v2\/pages\/19\/revisions\/2331"}],"wp:attachment":[{"href":"https:\/\/artesaniasdecolombia.com.co\/encuentros\/wp-json\/wp\/v2\/media?parent=19"}],"curies":[{"name":"wp","href":"https:\/\/api.w.org\/{rel}","templated":true}]}}