{"id":2648,"date":"2020-12-24T12:02:21","date_gmt":"2020-12-24T17:02:21","guid":{"rendered":"http:\/\/artesaniasdecolombia.com.co\/artesaniasdepaz\/?page_id=2648"},"modified":"2020-12-24T12:03:49","modified_gmt":"2020-12-24T17:03:49","slug":"nuestro-equipo","status":"publish","type":"page","link":"https:\/\/artesaniasdecolombia.com.co\/artesaniasdepaz\/nuestro-equipo\/","title":{"rendered":"Nuestro equipo"},"content":{"rendered":"<p>[vc_row full_width=&#8221;stretch_row_content_no_spaces&#8221; equal_height=&#8221;yes&#8221; content_placement=&#8221;middle&#8221; css=&#8221;.vc_custom_1546611088693{margin-bottom: 40px !important;padding-top: 30px !important;}&#8221;][vc_column css_animation=&#8221;fadeIn&#8221; css=&#8221;.vc_custom_1528178061244{padding-right: 50px !important;padding-left: 50px !important;}&#8221;]<div id=\"ultimate-heading-957769d3822074623\" class=\"uvc-heading ult-adjust-bottom-margin ultimate-heading-957769d3822074623 uvc-9093 \" data-hspacer=\"no_spacer\"  data-halign=\"center\" style=\"text-align:center\"><div class=\"uvc-heading-spacer no_spacer\" style=\"top\"><\/div><div class=\"uvc-main-heading ult-responsive\"  data-ultimate-target='.uvc-heading.ultimate-heading-957769d3822074623 h2'  data-responsive-json-new='{\"font-size\":\"desktop:70px;\",\"line-height\":\"\"}' ><h2 style=\"--font-weight:theme;color:#0c0000;\">Nuestro equipo<\/h2><\/div><\/div>[vc_empty_space]<style type=\"text\/css\" data-type=\"the7_shortcodes-inline-css\">.dt-team-shortcode.team-masonry-shortcode-id-ada2fa7b858278d7c27d894495239fd3 .team-desc {\n  padding: 20px 20px 20px 20px;\n}\n.dt-team-shortcode.team-masonry-shortcode-id-ada2fa7b858278d7c27d894495239fd3 .team-author-name,\n.dt-team-shortcode.team-masonry-shortcode-id-ada2fa7b858278d7c27d894495239fd3 .team-author-name a {\n  margin-bottom: 0px;\n  font-weight: bold;\n}\n.dt-team-shortcode.team-masonry-shortcode-id-ada2fa7b858278d7c27d894495239fd3 .team-author p {\n  margin-bottom: 10px;\n  font-weight: bold;\n}\n.dt-team-shortcode.team-masonry-shortcode-id-ada2fa7b858278d7c27d894495239fd3  .team-media {\n  padding: 0px 0px 0px 0px;\n}\n.dt-team-shortcode.team-masonry-shortcode-id-ada2fa7b858278d7c27d894495239fd3 .dt-css-grid .team-media img {\n  max-width: 100%;\n}\n.dt-team-shortcode.team-masonry-shortcode-id-ada2fa7b858278d7c27d894495239fd3 .team-content {\n  margin-bottom: 5px;\n}\n.dt-team-shortcode.team-masonry-shortcode-id-ada2fa7b858278d7c27d894495239fd3  .team-media,\n.dt-team-shortcode.team-masonry-shortcode-id-ada2fa7b858278d7c27d894495239fd3  .team-media a.rollover,\n.dt-team-shortcode.team-masonry-shortcode-id-ada2fa7b858278d7c27d894495239fd3  .team-media a.rollover *,\n.dt-team-shortcode.team-masonry-shortcode-id-ada2fa7b858278d7c27d894495239fd3  .team-media img {\n  border-radius: 0px;\n}\n.dt-team-shortcode.team-masonry-shortcode-id-ada2fa7b858278d7c27d894495239fd3 .soc-ico {\n  margin-bottom: 15px;\n}\n.dt-team-shortcode.team-masonry-shortcode-id-ada2fa7b858278d7c27d894495239fd3 .soc-ico a {\n  min-width: 26px;\n  min-height: 26px;\n  font-size: 16px;\n  border-radius: 100px;\n}\n.dt-team-shortcode.team-masonry-shortcode-id-ada2fa7b858278d7c27d894495239fd3 .soc-ico a:not(:last-child) {\n  margin-right: 4px;\n}\n.dt-team-shortcode.team-masonry-shortcode-id-ada2fa7b858278d7c27d894495239fd3 .soc-ico a:before,\n.dt-team-shortcode.team-masonry-shortcode-id-ada2fa7b858278d7c27d894495239fd3 .soc-ico a:after {\n  min-width: 26px;\n  min-height: 26px;\n  padding: inherit;\n}\n.dt-icon-border-on.dt-team-shortcode.team-masonry-shortcode-id-ada2fa7b858278d7c27d894495239fd3 .soc-ico a:before {\n  border: 0px solid transparent;\n}\n.dt-team-shortcode.team-masonry-shortcode-id-ada2fa7b858278d7c27d894495239fd3 .soc-ico a:hover {\n  font-size: 16px;\n}\n#page .dt-team-shortcode.team-masonry-shortcode-id-ada2fa7b858278d7c27d894495239fd3 .soc-ico a:hover .soc-font-icon {\n  color: rgba(255,255,255,0.75);\n  background: none;\n}\n.dt-icon-border-hover-on.dt-team-shortcode.team-masonry-shortcode-id-ada2fa7b858278d7c27d894495239fd3 .soc-ico a:after {\n  border: 0px solid transparent;\n}\n#page .dt-team-shortcode.team-masonry-shortcode-id-ada2fa7b858278d7c27d894495239fd3 .soc-ico a:not(:hover) .soc-font-icon {\n  color: #ffffff;\n  background: none;\n}\n.dt-team-shortcode.team-masonry-shortcode-id-ada2fa7b858278d7c27d894495239fd3 .soc-ico a .soc-font-icon {\n  font-size: 16px;\n}\n.dt-team-shortcode.team-masonry-shortcode-id-ada2fa7b858278d7c27d894495239fd3 .filter-bg-decoration .filter-categories a.act {\n  color: #fff;\n}\n.dt-team-shortcode.team-masonry-shortcode-id-ada2fa7b858278d7c27d894495239fd3:not(.resize-by-browser-width) .dt-css-grid {\n  grid-row-gap: 30px;\n  grid-column-gap: 30px;\n  grid-template-columns: repeat(auto-fill,minmax(,1fr));\n}\n.cssgridlegacy.no-cssgrid .dt-team-shortcode.team-masonry-shortcode-id-ada2fa7b858278d7c27d894495239fd3:not(.resize-by-browser-width) .dt-css-grid,\n.no-cssgridlegacy.no-cssgrid .dt-team-shortcode.team-masonry-shortcode-id-ada2fa7b858278d7c27d894495239fd3:not(.resize-by-browser-width) .dt-css-grid {\n  display: flex;\n  flex-flow: row wrap;\n  margin: -15px;\n}\n.cssgridlegacy.no-cssgrid .dt-team-shortcode.team-masonry-shortcode-id-ada2fa7b858278d7c27d894495239fd3:not(.resize-by-browser-width) .dt-css-grid .wf-cell,\n.no-cssgridlegacy.no-cssgrid .dt-team-shortcode.team-masonry-shortcode-id-ada2fa7b858278d7c27d894495239fd3:not(.resize-by-browser-width) .dt-css-grid .wf-cell {\n  flex: 1 0 ;\n  min-width: ;\n  max-width: 100%;\n  padding: 15px;\n  box-sizing: border-box;\n}\n.dt-team-shortcode.team-masonry-shortcode-id-ada2fa7b858278d7c27d894495239fd3.resize-by-browser-width .dt-css-grid {\n  grid-template-columns: repeat(4,1fr);\n  grid-template-rows: auto;\n  grid-column-gap: 30px;\n  grid-row-gap: 30px;\n}\n.cssgridlegacy.no-cssgrid .dt-team-shortcode.team-masonry-shortcode-id-ada2fa7b858278d7c27d894495239fd3.resize-by-browser-width .dt-css-grid,\n.no-cssgridlegacy.no-cssgrid .dt-team-shortcode.team-masonry-shortcode-id-ada2fa7b858278d7c27d894495239fd3.resize-by-browser-width .dt-css-grid {\n  margin: -15px;\n}\n.cssgridlegacy.no-cssgrid .dt-team-shortcode.team-masonry-shortcode-id-ada2fa7b858278d7c27d894495239fd3.resize-by-browser-width .dt-css-grid .wf-cell,\n.no-cssgridlegacy.no-cssgrid .dt-team-shortcode.team-masonry-shortcode-id-ada2fa7b858278d7c27d894495239fd3.resize-by-browser-width .dt-css-grid .wf-cell {\n  width: 25%;\n  padding: 15px;\n}\n@media screen and (max-width: 1199px) {\n  .dt-team-shortcode.team-masonry-shortcode-id-ada2fa7b858278d7c27d894495239fd3.resize-by-browser-width .dt-css-grid {\n    grid-template-columns: repeat(3,1fr);\n  }\n  .cssgridlegacy.no-cssgrid .dt-team-shortcode.team-masonry-shortcode-id-ada2fa7b858278d7c27d894495239fd3.resize-by-browser-width .dt-css-grid .wf-cell,\n  .no-cssgridlegacy.no-cssgrid .dt-team-shortcode.team-masonry-shortcode-id-ada2fa7b858278d7c27d894495239fd3.resize-by-browser-width .dt-css-grid .wf-cell {\n    width: 33.333333333333%;\n  }\n}\n@media screen and (max-width: 991px) {\n  .dt-team-shortcode.team-masonry-shortcode-id-ada2fa7b858278d7c27d894495239fd3.resize-by-browser-width .dt-css-grid {\n    grid-template-columns: repeat(2,1fr);\n  }\n  .cssgridlegacy.no-cssgrid .dt-team-shortcode.team-masonry-shortcode-id-ada2fa7b858278d7c27d894495239fd3.resize-by-browser-width .dt-css-grid .wf-cell,\n  .no-cssgridlegacy.no-cssgrid .dt-team-shortcode.team-masonry-shortcode-id-ada2fa7b858278d7c27d894495239fd3.resize-by-browser-width .dt-css-grid .wf-cell {\n    width: 50%;\n  }\n}\n@media screen and (max-width: 767px) {\n  .dt-team-shortcode.team-masonry-shortcode-id-ada2fa7b858278d7c27d894495239fd3.resize-by-browser-width .dt-css-grid {\n    grid-template-columns: repeat(2,1fr);\n  }\n  .cssgridlegacy.no-cssgrid .dt-team-shortcode.team-masonry-shortcode-id-ada2fa7b858278d7c27d894495239fd3.resize-by-browser-width .dt-css-grid .wf-cell,\n  .no-cssgridlegacy.no-cssgrid .dt-team-shortcode.team-masonry-shortcode-id-ada2fa7b858278d7c27d894495239fd3.resize-by-browser-width .dt-css-grid .wf-cell {\n    width: 50%;\n  }\n}\n<\/style><div class=\"dt-team-masonry-shortcode dt-team-shortcode team-masonry-shortcode-id-ada2fa7b858278d7c27d894495239fd3 loading-effect-none mode-grid jquery-filter content-align-center content-bg-on dt-css-grid-wrap scale-img dt-css-grid-wrap dt-icon-bg-on dt-icon-border-on dt-icon-hover-bg-on dt-icon-border-hover-on move-icons-under-position resize-by-browser-width  \" data-padding=\"15px\" data-cur-page=\"1\" data-post-limit=\"-1\" data-pagination-mode=\"none\" data-desktop-columns-num=\"4\" data-v-tablet-columns-num=\"2\" data-h-tablet-columns-num=\"3\" data-phone-columns-num=\"2\" data-width=\"0px\" data-columns=\"0\"><div class=\"dt-css-grid\" ><div class=\"visible wf-cell\" data-post-id=\"2629\" data-date=\"2020-12-24T11:56:04-05:00\" data-name=\"Michelle Olarte Garc\u00eda\"><div class=\"team-container visible post post-2629 dt_team type-dt_team status-publish has-post-thumbnail hentry\"><div class=\"team-media\"><span><img class=\"preload-me iso-lazy-load\" src=\"data:image\/svg+xml,%3Csvg%20xmlns%3D&#39;http%3A%2F%2Fwww.w3.org%2F2000%2Fsvg&#39;%20viewBox%3D&#39;0%200%201070%201070&#39;%2F%3E\" data-src=\"https:\/\/artesaniasdecolombia.com.co\/artesaniasdepaz\/wp-content\/uploads\/2020\/12\/PHOTO-2020-12-15-15-24-30-1070x1070.jpg\" data-srcset=\"https:\/\/artesaniasdecolombia.com.co\/artesaniasdepaz\/wp-content\/uploads\/2020\/12\/PHOTO-2020-12-15-15-24-30-1070x1070.jpg 1070w\" width=\"1070\" height=\"1070\"  title=\"PHOTO-2020-12-15-15-24-30\" alt=\"Michelle Olarte\" \/><\/span><\/div><div class=\"team-desc\"><div class=\"team-author\"><div class=\"team-author-name\">Michelle Olarte Garc\u00eda<\/div><p>Formulaci\u00f3n y coordinaci\u00f3n<\/p><\/div><div class=\"team-content\">\n<p>Polit\u00f3loga de la Universidad Nacional de Colombia, M\u00e1ster en Cooperaci\u00f3n para el Desarrollo y Especialista en ayuda humanitaria internacional, con estudios en migraci\u00f3n, g\u00e9nero, gesti\u00f3n p\u00fablica y en agendas de Paz.<\/p>\n\n\n\n<p>Se ha desempe\u00f1ado como docente universitaria y cuenta con 12 a\u00f1os de experiencia en el trabajo con grupos v\u00edctimas de conflictos armados y grupos vulnerables en los campos de derechos humanos y generaci\u00f3n de ingresos en el territorio nacional y en algunos pa\u00edses del continente Africano. Desde hace cerca de 8 a\u00f1os formula y coordina el programa de Artesan\u00edas de Colombia para la atenci\u00f3n de la poblaci\u00f3n artesana v\u00edctima y vulnerable del pa\u00eds.<\/p>\n<\/div><div class=\"soc-ico\"><a title=\"E-mail\" href=\"mailto:molarte@artesaniasdecolombia.com.co\" target=\"_top\" class=\"mail\"><span class=\"soc-font-icon\"><\/span><span class=\"screen-reader-text\">E-mail<\/span><\/a><\/div><\/div><\/div><\/div><div class=\"visible wf-cell\" data-post-id=\"2642\" data-date=\"2020-12-24T11:55:39-05:00\" data-name=\"Sara Ferrari Cort\u00e9s\"><div class=\"team-container visible post post-2642 dt_team type-dt_team status-publish has-post-thumbnail hentry\"><div class=\"team-media\"><span><img class=\"preload-me iso-lazy-load\" src=\"data:image\/svg+xml,%3Csvg%20xmlns%3D&#39;http%3A%2F%2Fwww.w3.org%2F2000%2Fsvg&#39;%20viewBox%3D&#39;0%200%20450%20450&#39;%2F%3E\" data-src=\"https:\/\/artesaniasdecolombia.com.co\/artesaniasdepaz\/wp-content\/uploads\/2020\/12\/PHOTO-2020-12-15-15-24-12-2-450x450.jpg\" data-srcset=\"https:\/\/artesaniasdecolombia.com.co\/artesaniasdepaz\/wp-content\/uploads\/2020\/12\/PHOTO-2020-12-15-15-24-12-2-450x450.jpg 450w\" width=\"450\" height=\"450\"  title=\"PHOTO-2020-12-15-15-24-12 2\" alt=\"Sara ferrari\" \/><\/span><\/div><div class=\"team-desc\"><div class=\"team-author\"><div class=\"team-author-name\">Sara Ferrari Cort\u00e9s<\/div><p>Antrop\u00f3loga visual<\/p><\/div><div class=\"team-content\">\n<p>Antrop\u00f3loga visual con m\u00e1s de 7 a\u00f1os de experiencia de trabajo en campo en zonas de conflicto armado y de dif\u00edcil acceso en Colombia con poblaci\u00f3n vulnerable urbana y rural. <\/p>\n\n\n\n<p>Investigadora te\u00f3rica y de campo a trav\u00e9s del dise\u00f1o de metodolog\u00edas pedag\u00f3gicas e implementaci\u00f3n de talleres sobre tradici\u00f3n de comunidades. Amplia experiencia en producci\u00f3n audiovisual y fotogr\u00e1fica con \u00e9nfasis en proyectos sociales.<\/p>\n<\/div><div class=\"soc-ico\"><a title=\"E-mail\" href=\"mailto:sferrari@artesaniasdecolombia.com.co\" target=\"_top\" class=\"mail\"><span class=\"soc-font-icon\"><\/span><span class=\"screen-reader-text\">E-mail<\/span><\/a><\/div><\/div><\/div><\/div><div class=\"visible wf-cell\" data-post-id=\"2644\" data-date=\"2020-12-24T11:54:28-05:00\" data-name=\"Carolina Jim\u00e9nez\"><div class=\"team-container visible post post-2644 dt_team type-dt_team status-publish has-post-thumbnail hentry\"><div class=\"team-media\"><span><img class=\"preload-me iso-lazy-load\" src=\"data:image\/svg+xml,%3Csvg%20xmlns%3D&#39;http%3A%2F%2Fwww.w3.org%2F2000%2Fsvg&#39;%20viewBox%3D&#39;0%200%20450%20450&#39;%2F%3E\" data-src=\"https:\/\/artesaniasdecolombia.com.co\/artesaniasdepaz\/wp-content\/uploads\/2020\/12\/PHOTO-2020-12-15-15-24-12-450x450.jpg\" data-srcset=\"https:\/\/artesaniasdecolombia.com.co\/artesaniasdepaz\/wp-content\/uploads\/2020\/12\/PHOTO-2020-12-15-15-24-12-450x450.jpg 450w\" width=\"450\" height=\"450\"  title=\"PHOTO-2020-12-15-15-24-12\" alt=\"Carolina Jimenez\" \/><\/span><\/div><div class=\"team-desc\"><div class=\"team-author\"><div class=\"team-author-name\">Carolina Jim\u00e9nez<\/div><p>Trabajadora social<\/p><\/div><div class=\"team-content\">\n<p>Especialista en planeaci\u00f3n, gesti\u00f3n y evaluaci\u00f3n del Desarrollo Social, con conocimientos en el dise\u00f1o, implementaci\u00f3n y coordinaci\u00f3n de estrategias y proyectos de impacto social y comunitario para diversas poblaciones. <\/p>\n\n\n\n<p>Experiencia en pedagog\u00eda y metodolog\u00edas de acciones orientadas aa las inclusi\u00f3n social de poblaciones en situaci\u00f3n de vulnerabilidad o riesgo.<\/p>\n<\/div><\/div><\/div><\/div><div class=\"visible wf-cell\" data-post-id=\"2640\" data-date=\"2020-12-24T11:53:04-05:00\" data-name=\"Omar Mart\u00ednez\"><div class=\"team-container visible post post-2640 dt_team type-dt_team status-publish has-post-thumbnail hentry\"><div class=\"team-media\"><span><img class=\"preload-me iso-lazy-load\" src=\"data:image\/svg+xml,%3Csvg%20xmlns%3D&#39;http%3A%2F%2Fwww.w3.org%2F2000%2Fsvg&#39;%20viewBox%3D&#39;0%200%20720%20720&#39;%2F%3E\" data-src=\"https:\/\/artesaniasdecolombia.com.co\/artesaniasdepaz\/wp-content\/uploads\/2020\/12\/image-1-720x720.png\" data-srcset=\"https:\/\/artesaniasdecolombia.com.co\/artesaniasdepaz\/wp-content\/uploads\/2020\/12\/image-1-720x720.png 720w\" width=\"720\" height=\"720\"  title=\"image-1\" alt=\"Omar Mart\u00ednez\" \/><\/span><\/div><div class=\"team-desc\"><div class=\"team-author\"><div class=\"team-author-name\">Omar Mart\u00ednez<\/div><p>Dise\u00f1ador l\u00edder<\/p><\/div><div class=\"team-content\">\n<p>Dise\u00f1ador industrial de la Universidad de Nari\u00f1o con m\u00e1s de 15 a\u00f1os de experiencia de trabajo con comunidades artesanales ind\u00edgenas, mestizas y NARP (Negros, afrodescendientes, Raizales y Palenqueros), en diversas regiones del pa\u00eds. <\/p>\n\n\n\n<p>Su trabajo se encuentra enfocado principalmente en el fortalecimiento t\u00e9cnico, exploraci\u00f3n e investigaci\u00f3n que tienen los diferentes grupos artesanales en su diversidad de oficios y materias primas. En la actualidad hace parte del equipo de dise\u00f1o del Programa APV de Artesan\u00edas de Colombia, dirigido a trabajo con poblaci\u00f3n en condici\u00f3n de vulnerabilidad, en los departamentos de Antioquia (zona Urab\u00e1) y C\u00f3rdoba.<\/p>\n<\/div><div class=\"soc-ico\"><a title=\"E-mail\" href=\"mailto:omartinezartesanias@gmail.com\" target=\"_top\" class=\"mail\"><span class=\"soc-font-icon\"><\/span><span class=\"screen-reader-text\">E-mail<\/span><\/a><\/div><\/div><\/div><\/div><div class=\"visible wf-cell\" data-post-id=\"2646\" data-date=\"2020-12-24T11:52:38-05:00\" data-name=\"Luz Dary Rosero\"><div class=\"team-container visible post post-2646 dt_team type-dt_team status-publish has-post-thumbnail hentry\"><div class=\"team-media\"><span><img class=\"preload-me iso-lazy-load\" src=\"data:image\/svg+xml,%3Csvg%20xmlns%3D&#39;http%3A%2F%2Fwww.w3.org%2F2000%2Fsvg&#39;%20viewBox%3D&#39;0%200%20407%20407&#39;%2F%3E\" data-src=\"https:\/\/artesaniasdecolombia.com.co\/artesaniasdepaz\/wp-content\/uploads\/2020\/12\/luzd-407x407.jpg\" data-srcset=\"https:\/\/artesaniasdecolombia.com.co\/artesaniasdepaz\/wp-content\/uploads\/2020\/12\/luzd-407x407.jpg 407w\" width=\"407\" height=\"407\"  title=\"luzd\" alt=\"Luz dary rosero\" \/><\/span><\/div><div class=\"team-desc\"><div class=\"team-author\"><div class=\"team-author-name\">Luz Dary Rosero<\/div><p>Dise\u00f1adora l\u00edder<\/p><\/div><div class=\"team-content\">\n<p>Dise\u00f1adora industrial de la Universidad de Nari\u00f1o, con 15 a\u00f1os de experiencia en el sector artesanal trabajando con comunidades ind\u00edgenas, poblaci\u00f3n afro y mestiza de diversas regiones de Colombia. <\/p>\n\n\n\n<p>En los \u00faltimos a\u00f1os ha trabajado en el codise\u00f1o, capacitaci\u00f3n, y asistencia para el mejoramiento de los procesos productivos y la oferta de producto artesanal a las comunidades del proyecto de incremento de la competitividad e inclusi\u00f3n productiva de la poblaci\u00f3n artesana v\u00edctima y vulnerable del pa\u00eds a nivel nacional.&nbsp;APV de artesan\u00edas de Colombia.<\/p>\n<\/div><\/div><\/div><\/div><div class=\"visible wf-cell\" data-post-id=\"2633\" data-date=\"2020-12-24T11:51:26-05:00\" data-name=\"Adriana Saenz\"><div class=\"team-container visible post post-2633 dt_team type-dt_team status-publish has-post-thumbnail hentry\"><div class=\"team-media\"><a href=\"https:\/\/artesaniasdecolombia.com.co\/artesaniasdepaz\/dt_team\/adriana-saenz\/\" class=\"rollover layzr-bg\"><img class=\"preload-me iso-lazy-load\" src=\"data:image\/svg+xml,%3Csvg%20xmlns%3D&#39;http%3A%2F%2Fwww.w3.org%2F2000%2Fsvg&#39;%20viewBox%3D&#39;0%200%20307%20307&#39;%2F%3E\" data-src=\"https:\/\/artesaniasdecolombia.com.co\/artesaniasdepaz\/wp-content\/uploads\/2020\/12\/20201222_175534-307x307.jpg\" data-srcset=\"https:\/\/artesaniasdecolombia.com.co\/artesaniasdepaz\/wp-content\/uploads\/2020\/12\/20201222_175534-307x307.jpg 307w\" width=\"307\" height=\"307\"  title=\"20201222_175534\" alt=\"Adriana Saenz\" \/><\/a><\/div><div class=\"team-desc\"><div class=\"team-author\"><div class=\"team-author-name\"><a href=\"https:\/\/artesaniasdecolombia.com.co\/artesaniasdepaz\/dt_team\/adriana-saenz\/\">Adriana Saenz<\/a><\/div><p>Dise\u00f1adora l\u00edder<\/p><\/div><div class=\"team-content\">\n<p>Dise\u00f1adora industrial de la Universidad Nacional de Colombia con amplia experiencia en el sector artesanal Colombiano en desarrollo e implementaci\u00f3n de metodolog\u00edas de dise\u00f1o colaborativo con enfoque diferencial, para la atenci\u00f3n de comunidades tradicionales: ind\u00edgenas, afrocolombianas y campesinas. <\/p>\n\n\n\n<p>Experiencia en gesti\u00f3n inter &#8211; institucional para el fortalecimiento del sector artesanal y trabajo con poblaci\u00f3n vulnerable y v\u00edctima\u00a0 en diferentes zonas del pa\u00eds, a nivel p\u00fablico y privado. L\u00edneas de trabajo interdisciplinario: Desarrollo Humano, Dise\u00f1o y desarrollo de producto, Producci\u00f3n, Comercializaci\u00f3n y Normalizaci\u00f3n orientada a procesos de certificaci\u00f3n de calidad Hecho a Mano.<\/p>\n<\/div><\/div><\/div><\/div><div class=\"visible wf-cell\" data-post-id=\"2638\" data-date=\"2020-12-24T11:42:08-05:00\" data-name=\"Juan David Mart\u00ednez\"><div class=\"team-container visible post post-2638 dt_team type-dt_team status-publish has-post-thumbnail hentry\"><div class=\"team-media\"><a href=\"https:\/\/artesaniasdecolombia.com.co\/artesaniasdepaz\/dt_team\/juan-david-martinez\/\" class=\"rollover layzr-bg\"><img class=\"preload-me iso-lazy-load\" src=\"data:image\/svg+xml,%3Csvg%20xmlns%3D&#39;http%3A%2F%2Fwww.w3.org%2F2000%2Fsvg&#39;%20viewBox%3D&#39;0%200%20110%20110&#39;%2F%3E\" data-src=\"https:\/\/artesaniasdecolombia.com.co\/artesaniasdepaz\/wp-content\/uploads\/2020\/12\/juan-110x110.png\" data-srcset=\"https:\/\/artesaniasdecolombia.com.co\/artesaniasdepaz\/wp-content\/uploads\/2020\/12\/juan-110x110.png 110w\" width=\"110\" height=\"110\"  title=\"juan\" alt=\"Juan David\" \/><\/a><\/div><div class=\"team-desc\"><div class=\"team-author\"><div class=\"team-author-name\"><a href=\"https:\/\/artesaniasdecolombia.com.co\/artesaniasdepaz\/dt_team\/juan-david-martinez\/\">Juan David Mart\u00ednez<\/a><\/div><\/div><div class=\"team-content\">\n<p>Tecn\u00f3logo en administraci\u00f3n financiera, acompa\u00f1a al equipo apoyando todo el trabajo log\u00edstico\u00a0que se requiere para adelantar las actividades, el desarrollo de las asistencias t\u00e9cnicas y la participaci\u00f3n en los espacios \/ eventos comerciales.<\/p>\n<\/div><\/div><\/div><\/div><div class=\"visible wf-cell\" data-post-id=\"2636\" data-date=\"2020-12-24T11:38:24-05:00\" data-name=\"Claudia Mora\"><div class=\"team-container visible post post-2636 dt_team type-dt_team status-publish has-post-thumbnail hentry\"><div class=\"team-media\"><span><img class=\"preload-me iso-lazy-load\" src=\"data:image\/svg+xml,%3Csvg%20xmlns%3D&#39;http%3A%2F%2Fwww.w3.org%2F2000%2Fsvg&#39;%20viewBox%3D&#39;0%200%2099%2099&#39;%2F%3E\" data-src=\"https:\/\/artesaniasdecolombia.com.co\/artesaniasdepaz\/wp-content\/uploads\/2020\/12\/claudia-99x99.png\" data-srcset=\"https:\/\/artesaniasdecolombia.com.co\/artesaniasdepaz\/wp-content\/uploads\/2020\/12\/claudia-99x99.png 99w\" width=\"99\" height=\"99\"  title=\"claudia\" alt=\"claudia mora\" \/><\/span><\/div><div class=\"team-desc\"><div class=\"team-author\"><div class=\"team-author-name\">Claudia Mora<\/div><p>Fortalecimiento comercial<\/p><\/div><div class=\"team-content\">\n<p>Dise\u00f1adora Industrial y Administradora de Empresas, con trayectoria de m\u00e1s de 15 a\u00f1os en el sector privado y 3 en Artesan\u00edas de Colombia, trabajando con comunidades en diferentes regiones del Pa\u00eds con el componente de Emprendimiento y Comercializaci\u00f3n. <\/p>\n\n\n\n<p>Ha trabajado en la asesor\u00eda, seguimiento e implementaci\u00f3n de las actividades de fortalecimiento de las unidades productivas para diferentes eventos feriales y atenci\u00f3n al cliente con las comunidades del proyecto \u201cAtenci\u00f3n a poblaci\u00f3n V\u00edctima y Vulnerable del pa\u00eds\u201d APV.<\/p>\n<\/div><div class=\"soc-ico\"><a title=\"E-mail\" href=\"mailto:cmora@artesaniasdecolombia.com.co\" target=\"_blank\" class=\"mail\"><span class=\"soc-font-icon\"><\/span><span class=\"screen-reader-text\">E-mail<\/span><\/a><\/div><\/div><\/div><\/div><\/div><!-- iso-container|iso-grid --><\/div>[\/vc_column][\/vc_row]<\/p>\n","protected":false},"excerpt":{"rendered":"<p>[vc_row full_width=&#8221;stretch_row_content_no_spaces&#8221; equal_height=&#8221;yes&#8221; content_placement=&#8221;middle&#8221; css=&#8221;.vc_custom_1546611088693{margin-bottom: 40px !important;padding-top: 30px !important;}&#8221;][vc_column css_animation=&#8221;fadeIn&#8221; css=&#8221;.vc_custom_1528178061244{padding-right: 50px !important;padding-left: 50px !important;}&#8221;][vc_empty_space][\/vc_column][\/vc_row]<\/p>\n","protected":false},"author":2,"featured_media":0,"parent":0,"menu_order":0,"comment_status":"closed","ping_status":"closed","template":"","meta":{"inline_featured_image":false},"_links":{"self":[{"href":"https:\/\/artesaniasdecolombia.com.co\/artesaniasdepaz\/wp-json\/wp\/v2\/pages\/2648"}],"collection":[{"href":"https:\/\/artesaniasdecolombia.com.co\/artesaniasdepaz\/wp-json\/wp\/v2\/pages"}],"about":[{"href":"https:\/\/artesaniasdecolombia.com.co\/artesaniasdepaz\/wp-json\/wp\/v2\/types\/page"}],"author":[{"embeddable":true,"href":"https:\/\/artesaniasdecolombia.com.co\/artesaniasdepaz\/wp-json\/wp\/v2\/users\/2"}],"replies":[{"embeddable":true,"href":"https:\/\/artesaniasdecolombia.com.co\/artesaniasdepaz\/wp-json\/wp\/v2\/comments?post=2648"}],"version-history":[{"count":1,"href":"https:\/\/artesaniasdecolombia.com.co\/artesaniasdepaz\/wp-json\/wp\/v2\/pages\/2648\/revisions"}],"predecessor-version":[{"id":2649,"href":"https:\/\/artesaniasdecolombia.com.co\/artesaniasdepaz\/wp-json\/wp\/v2\/pages\/2648\/revisions\/2649"}],"wp:attachment":[{"href":"https:\/\/artesaniasdecolombia.com.co\/artesaniasdepaz\/wp-json\/wp\/v2\/media?parent=2648"}],"curies":[{"name":"wp","href":"https:\/\/api.w.org\/{rel}","templated":true}]}}